{"id":120,"date":"2022-08-03T10:55:48","date_gmt":"2022-08-03T10:55:48","guid":{"rendered":"https:\/\/www.sonabile.fi\/?page_id=120"},"modified":"2022-08-22T12:48:48","modified_gmt":"2022-08-22T12:48:48","slug":"hinnasto","status":"publish","type":"page","link":"https:\/\/www.sonabile.fi\/index.php\/hinnasto\/","title":{"rendered":"Hinnasto"},"content":{"rendered":"\n<p>Ensimm\u00e4inen tutustumistunti 15\u20ac, ei sitoutumista<\/p>\n\n\n\n<p>Maksu laskulla tai e-passilla<\/p>\n\n\n\n<p><strong>Yksitt\u00e4iset tunnit:<\/strong><br>30min: 30\u20ac<br>45min: 40\u20ac<br>60min: 50\u20ac<\/p>\n\n\n\n<p><strong>Viiden tunnin paketit:<\/strong><br>5 x 30min: 140\u20ac (s\u00e4\u00e4st\u00e4t 10\u20ac)<br>5 x 45min: 185\u20ac (s\u00e4\u00e4st\u00e4t 15\u20ac)<br>5 x 60min: 230\u20ac (s\u00e4\u00e4st\u00e4t 20\u20ac)<br>Voimassa 6kk ensimm\u00e4isest\u00e4 tunnista<\/p>\n\n\n\n<p><strong>10 tunnin paketit:<\/strong><br>10 x 30min: 270\u20ac (s\u00e4\u00e4st\u00e4t 30\u20ac)<br>10 x 45min: 360\u20ac (s\u00e4\u00e4st\u00e4t 40\u20ac)<br>10 x 60min: 450\u20ac (s\u00e4\u00e4st\u00e4t 50\u20ac)<br>Voimassa 6kk ensimm\u00e4isest\u00e4 tunnista<\/p>\n\n\n\n<p><a href=\"https:\/\/www.sonabile.fi\/index.php\/ota-yhteytta\/\" data-type=\"page\" data-id=\"52\">Ota yhteytt\u00e4!<\/a><\/p>\n\n\n\n<div class=\"wp-block-image\"><figure class=\"alignleft size-full is-resized\"><img loading=\"lazy\" decoding=\"async\" src=\"https:\/\/www.sonabile.fi\/wp-content\/uploads\/2022\/08\/Epassi-Logo-Primary-Color-RGB-2.png\" alt=\"\" class=\"wp-image-149\" width=\"125\" height=\"39\" srcset=\"https:\/\/www.sonabile.fi\/wp-content\/uploads\/2022\/08\/Epassi-Logo-Primary-Color-RGB-2.png 608w, https:\/\/www.sonabile.fi\/wp-content\/uploads\/2022\/08\/Epassi-Logo-Primary-Color-RGB-2-300x94.png 300w\" sizes=\"auto, (max-width: 125px) 100vw, 125px\" \/><\/figure><\/div>\n\n\n\n<p><\/p>\n\n\n\n<p><\/p>\n\n\n\n<p><\/p>\n","protected":false},"excerpt":{"rendered":"<p>Ensimm\u00e4inen tutustumistunti 15\u20ac, ei sitoutumista Maksu laskulla tai e-passilla Yksitt\u00e4iset tunnit:30min: 30\u20ac45min: 40\u20ac60min: 50\u20ac Viiden tunnin paketit:5 x 30min: 140\u20ac (s\u00e4\u00e4st\u00e4t 10\u20ac)5 x 45min: 185\u20ac&#8230;<\/p>\n<div class=\"more-link-wrapper\"><a class=\"more-link\" href=\"https:\/\/www.sonabile.fi\/index.php\/hinnasto\/\">Jatka lukemista<span class=\"screen-reader-text\">Hinnasto<\/span><\/a><\/div>\n","protected":false},"author":1,"featured_media":0,"parent":0,"menu_order":0,"comment_status":"open","ping_status":"closed","template":"","meta":{"footnotes":""},"class_list":["post-120","page","type-page","status-publish","hentry","entry"],"_links":{"self":[{"href":"https:\/\/www.sonabile.fi\/index.php\/wp-json\/wp\/v2\/pages\/120","targetHints":{"allow":["GET"]}}],"collection":[{"href":"https:\/\/www.sonabile.fi\/index.php\/wp-json\/wp\/v2\/pages"}],"about":[{"href":"https:\/\/www.sonabile.fi\/index.php\/wp-json\/wp\/v2\/types\/page"}],"author":[{"embeddable":true,"href":"https:\/\/www.sonabile.fi\/index.php\/wp-json\/wp\/v2\/users\/1"}],"replies":[{"embeddable":true,"href":"https:\/\/www.sonabile.fi\/index.php\/wp-json\/wp\/v2\/comments?post=120"}],"version-history":[{"count":8,"href":"https:\/\/www.sonabile.fi\/index.php\/wp-json\/wp\/v2\/pages\/120\/revisions"}],"predecessor-version":[{"id":151,"href":"https:\/\/www.sonabile.fi\/index.php\/wp-json\/wp\/v2\/pages\/120\/revisions\/151"}],"wp:attachment":[{"href":"https:\/\/www.sonabile.fi\/index.php\/wp-json\/wp\/v2\/media?parent=120"}],"curies":[{"name":"wp","href":"https:\/\/api.w.org\/{rel}","templated":true}]}}