{"id":21,"date":"2019-10-07T18:10:15","date_gmt":"2019-10-07T18:10:15","guid":{"rendered":"http:\/\/www.sonabile.fi\/?page_id=21"},"modified":"2023-06-07T14:47:34","modified_gmt":"2023-06-07T14:47:34","slug":"info","status":"publish","type":"page","link":"https:\/\/www.sonabile.fi\/index.php\/info\/","title":{"rendered":"Info"},"content":{"rendered":"\n<div class=\"wp-block-image\"><figure class=\"alignright is-resized\"><img loading=\"lazy\" decoding=\"async\" src=\"http:\/\/www.sonabile.fi\/wp-content\/uploads\/2019\/10\/20190908_154308-1024x1024.jpg\" alt=\"\" class=\"wp-image-66\" width=\"294\" height=\"294\" srcset=\"https:\/\/www.sonabile.fi\/wp-content\/uploads\/2019\/10\/20190908_154308-1024x1024.jpg 1024w, https:\/\/www.sonabile.fi\/wp-content\/uploads\/2019\/10\/20190908_154308-150x150.jpg 150w, https:\/\/www.sonabile.fi\/wp-content\/uploads\/2019\/10\/20190908_154308-300x300.jpg 300w, https:\/\/www.sonabile.fi\/wp-content\/uploads\/2019\/10\/20190908_154308-768x768.jpg 768w, https:\/\/www.sonabile.fi\/wp-content\/uploads\/2019\/10\/20190908_154308.jpg 1109w\" sizes=\"auto, (max-width: 294px) 100vw, 294px\" \/><\/figure><\/div>\n\n\n\n<p>Musiikkipedagogi (AMK), HuK Enni Saxlin<\/p>\n\n\n\n<p>Osaamisalueet:<\/p>\n\n\n\n<ul class=\"wp-block-list\"><li>varhaisi\u00e4n musiikkikasvatus<\/li><li>viulupedagogiikka<\/li><li>erityist\u00e4 tai tehostettua tukea tarvitsevat lapset<\/li><\/ul>\n\n\n\n<p>Koulutus:<\/p>\n\n\n\n<ul class=\"wp-block-list\" id=\"block-3fb05ee7-f743-4585-9a82-14925d8804c8\"><li>Jyv\u00e4skyl\u00e4n ammattikorkeakoulu (2009-2013), Musiikkipedagogi: p\u00e4\u00e4aine varhaisi\u00e4n musiikkikasvatus<\/li><li>Metropolia ammattikorkeakoulu (2015-2017), Musikkipedagogi: p\u00e4\u00e4aine klassinen viulu<\/li><li>Helsingin yliopisto (2015-2023). Humanististen tieteiden kandidaatti: sivuaineina psykologia ja erityispedagogiikka (molemmista perusopinnot). P\u00e4\u00e4aineena fonetiikka ja kielitieteet<\/li><\/ul>\n\n\n\n<p><\/p>\n\n\n\n<p><\/p>\n\n\n\n<p>Perustin toiminimen alun perin muskareiden pit\u00e4mist\u00e4 varten syksyll\u00e4 2017, mutta sittemmin valmistuttuani viulunsoitonopettajaksi olen k\u00e4ytt\u00e4nyt sit\u00e4 l\u00e4hinn\u00e4 yksityistuntien pit\u00e4miseen. Viulusta olen kysynn\u00e4n mukaan laajentanut my\u00f6s kantele-, pianon alkeis &#8211; ja ukuleletunteihin. Olipa minulla hetken aikaa nokkahuiluoppilaskin. <\/p>\n\n\n\n<p>Aikuisille olen pit\u00e4nyt ukulelekursseja s\u00e4\u00e4nn\u00f6llisen ep\u00e4s\u00e4\u00e4nn\u00f6llisesti 2018 alkaen ja aikuisten laulukerho minulla py\u00f6ri hetken aikaa 2018-2019 ja uudestaan 2021. <\/p>\n\n\n\n<p>Muskareita olen pit\u00e4nyt vuodesta 2011 ja vuodesta 2017 p\u00e4\u00e4asiallinen ty\u00f6skentelypaikkani on ollut p\u00e4iv\u00e4koti, joten kaikenlaisten lasten kanssa ty\u00f6skentely on tuttua. Minulla on kuitenkin l\u00e4hes alusta asti ollut ilo opettaa my\u00f6s aikuisia oppilaita.<\/p>\n\n\n\n<p>Opetusmetodini muotoutuvat yhteisty\u00f6ss\u00e4 oppilaan kanssa. Viulussa huomaan ammentavani jonkin verran ven\u00e4l\u00e4isest\u00e4 koulukunnasta, mik\u00e4 n\u00e4kyy soittoasennoissa ja harjoittelumetodeissa, mutta ei miss\u00e4\u00e4n nimess\u00e4 esimerkiksi huumorintajuttomuutena tai liiallisena kotiharjoittelun vaatimisena! Musiikkiharrastuksen tulee olla mukavaa ja stressi\u00e4 v\u00e4hent\u00e4v\u00e4\u00e4, eik\u00e4 sit\u00e4 lis\u00e4\u00e4v\u00e4\u00e4. Harjoitellaan yhdess\u00e4 tunnilla jos muuten ei ehdi, sekin on enemm\u00e4n kuin ei mit\u00e4\u00e4n \ud83d\ude42<\/p>\n\n\n\n<p>Lis\u00e4ksi minulle ovat tuttuja Suzuki- ja Kodaly &#8211; menetelm\u00e4t, joita hy\u00f6dynn\u00e4n jonkin verran erityisesti lapsioppilaiden kanssa. Kaikkien kanssa tarjoan my\u00f6s mahdollisuutta yhteissoittoon kanssani, sill\u00e4 se on yleens\u00e4 paitsi mukavaa my\u00f6s kannustavaa. <\/p>\n\n\n\n<div class=\"wp-block-image\"><figure class=\"aligncenter size-large is-resized\"><img loading=\"lazy\" decoding=\"async\" src=\"https:\/\/www.sonabile.fi\/wp-content\/uploads\/2022\/08\/IMG_20220806_201718-1024x462.jpg\" alt=\"\" class=\"wp-image-136\" width=\"813\" height=\"366\" srcset=\"https:\/\/www.sonabile.fi\/wp-content\/uploads\/2022\/08\/IMG_20220806_201718-1024x462.jpg 1024w, https:\/\/www.sonabile.fi\/wp-content\/uploads\/2022\/08\/IMG_20220806_201718-300x135.jpg 300w, https:\/\/www.sonabile.fi\/wp-content\/uploads\/2022\/08\/IMG_20220806_201718-768x347.jpg 768w, https:\/\/www.sonabile.fi\/wp-content\/uploads\/2022\/08\/IMG_20220806_201718-1536x693.jpg 1536w, https:\/\/www.sonabile.fi\/wp-content\/uploads\/2022\/08\/IMG_20220806_201718-2048x924.jpg 2048w\" sizes=\"auto, (max-width: 813px) 100vw, 813px\" \/><figcaption>Opetuspisteeni eli kotimme musiikkihuone<\/figcaption><\/figure><\/div>\n\n\n\n<p><\/p>\n","protected":false},"excerpt":{"rendered":"<p>Musiikkipedagogi (AMK), HuK Enni Saxlin Osaamisalueet: varhaisi\u00e4n musiikkikasvatus viulupedagogiikka erityist\u00e4 tai tehostettua tukea tarvitsevat lapset Koulutus: Jyv\u00e4skyl\u00e4n ammattikorkeakoulu (2009-2013), Musiikkipedagogi: p\u00e4\u00e4aine varhaisi\u00e4n musiikkikasvatus Metropolia ammattikorkeakoulu&#8230;<\/p>\n<div class=\"more-link-wrapper\"><a class=\"more-link\" href=\"https:\/\/www.sonabile.fi\/index.php\/info\/\">Jatka lukemista<span class=\"screen-reader-text\">Info<\/span><\/a><\/div>\n","protected":false},"author":1,"featured_media":0,"parent":0,"menu_order":0,"comment_status":"closed","ping_status":"closed","template":"","meta":{"footnotes":""},"class_list":["post-21","page","type-page","status-publish","hentry","entry"],"_links":{"self":[{"href":"https:\/\/www.sonabile.fi\/index.php\/wp-json\/wp\/v2\/pages\/21","targetHints":{"allow":["GET"]}}],"collection":[{"href":"https:\/\/www.sonabile.fi\/index.php\/wp-json\/wp\/v2\/pages"}],"about":[{"href":"https:\/\/www.sonabile.fi\/index.php\/wp-json\/wp\/v2\/types\/page"}],"author":[{"embeddable":true,"href":"https:\/\/www.sonabile.fi\/index.php\/wp-json\/wp\/v2\/users\/1"}],"replies":[{"embeddable":true,"href":"https:\/\/www.sonabile.fi\/index.php\/wp-json\/wp\/v2\/comments?post=21"}],"version-history":[{"count":8,"href":"https:\/\/www.sonabile.fi\/index.php\/wp-json\/wp\/v2\/pages\/21\/revisions"}],"predecessor-version":[{"id":155,"href":"https:\/\/www.sonabile.fi\/index.php\/wp-json\/wp\/v2\/pages\/21\/revisions\/155"}],"wp:attachment":[{"href":"https:\/\/www.sonabile.fi\/index.php\/wp-json\/wp\/v2\/media?parent=21"}],"curies":[{"name":"wp","href":"https:\/\/api.w.org\/{rel}","templated":true}]}}